{"id":202,"date":"2017-01-17T07:26:21","date_gmt":"2017-01-17T07:26:21","guid":{"rendered":"http:\/\/s380352817.online.de\/magma-architecture\/de\/what-we-do\/"},"modified":"2017-03-22T10:04:30","modified_gmt":"2017-03-22T10:04:30","slug":"what-we-do","status":"publish","type":"page","link":"https:\/\/www.magmaarchitecture.com\/de\/what-we-do\/","title":{"rendered":"UNSERE LEISTUNGEN"},"content":{"rendered":"<p>Unsere Firmenphilosophie beruht auf pers\u00f6nlicher, engmaschiger Betreuung, die wir f\u00fcr unerl\u00e4sslich halten, um ein Qualit\u00e4tsprodukt zu erzeugen: Wir machen lieber ein Projekt weniger als eines zu viel, wir geben jedem Projekt unsere volle, pers\u00f6nliche Aufmerksamkeit vom Konzept bis zur \u00dcbergabe und wir arbeiten mit h\u00f6chster Sorgfalt und Umsicht f\u00fcr ein optimales Ergebnis. Wir haben in der Vergangenheit f\u00fcr private und \u00f6ffentliche Auftraggeber Projekte aus den Bereichen Kultur, Sport, Freizeit, Wohnen und Gewerbe realisiert. Wir arbeiten weltweit und haben weitreichende Erfahrungen im Bauen in und mit fremden Kulturen. In allen unseren Projekten arbeiten wir eng mit dem Auftraggeber zusammen und garantieren so die \u00dcbersetzung von Anforderungen und Vorstellungen in r\u00e4umlich und funktional \u00fcberzeugende und nachhaltige Bauten. Den Entwurfsprozess leitet die Identifizierung des Unverzichtbaren und Erarbeitung von Spielr\u00e4umen im Verhandelbaren. Wir sehen es als unsere Aufgabe, diesen Prozess zu lenken und zu moderieren, um die zentrale Entwurfsidee bis in die gebaute Form zu tragen. Wir arbeiten im Zeitplan, im Budgetrahmen und in maximaler Qualit\u00e4t. Neben der Lieferung des vollen Leistungsspektrums als Architekten oder Generalplaner bieten wir auch Teilleistungen an, beispielsweise als lokale Partner unserer Kollegen weltweit. Haben Sie Bedarf f\u00fcr unsere Unterst\u00fctzung? Rufen Sie uns an!<\/p>\n","protected":false},"excerpt":{"rendered":"<p>Unsere Firmenphilosophie beruht auf pers\u00f6nlicher, engmaschiger Betreuung, die wir f\u00fcr unerl\u00e4sslich halten, um ein Qualit\u00e4tsprodukt zu erzeugen: Wir machen lieber ein Projekt weniger als eines zu viel, wir geben jedem Projekt unsere volle, pers\u00f6nliche Aufmerksamkeit vom Konzept bis zur \u00dcbergabe und wir arbeiten mit h\u00f6chster Sorgfalt und Umsicht f\u00fcr ein optimales Ergebnis. Wir haben in &hellip; <\/p>\n<p class=\"link-more\"><a href=\"https:\/\/www.magmaarchitecture.com\/de\/what-we-do\/\" class=\"more-link\">Continue reading<span class=\"screen-reader-text\"> &#8222;UNSERE LEISTUNGEN&#8220;<\/span><\/a><\/p>\n","protected":false},"author":1,"featured_media":1158,"parent":0,"menu_order":0,"comment_status":"closed","ping_status":"closed","template":"","meta":{"_acf_changed":false,"footnotes":""},"class_list":["post-202","page","type-page","status-publish","has-post-thumbnail","hentry"],"acf":[],"aioseo_notices":[],"_links":{"self":[{"href":"https:\/\/www.magmaarchitecture.com\/de\/wp-json\/wp\/v2\/pages\/202","targetHints":{"allow":["GET"]}}],"collection":[{"href":"https:\/\/www.magmaarchitecture.com\/de\/wp-json\/wp\/v2\/pages"}],"about":[{"href":"https:\/\/www.magmaarchitecture.com\/de\/wp-json\/wp\/v2\/types\/page"}],"author":[{"embeddable":true,"href":"https:\/\/www.magmaarchitecture.com\/de\/wp-json\/wp\/v2\/users\/1"}],"replies":[{"embeddable":true,"href":"https:\/\/www.magmaarchitecture.com\/de\/wp-json\/wp\/v2\/comments?post=202"}],"version-history":[{"count":2,"href":"https:\/\/www.magmaarchitecture.com\/de\/wp-json\/wp\/v2\/pages\/202\/revisions"}],"predecessor-version":[{"id":1365,"href":"https:\/\/www.magmaarchitecture.com\/de\/wp-json\/wp\/v2\/pages\/202\/revisions\/1365"}],"wp:featuredmedia":[{"embeddable":true,"href":"https:\/\/www.magmaarchitecture.com\/de\/wp-json\/wp\/v2\/media\/1158"}],"wp:attachment":[{"href":"https:\/\/www.magmaarchitecture.com\/de\/wp-json\/wp\/v2\/media?parent=202"}],"curies":[{"name":"wp","href":"https:\/\/api.w.org\/{rel}","templated":true}]}}